{"id":69,"date":"2022-04-21T15:33:55","date_gmt":"2022-04-21T13:33:55","guid":{"rendered":"https:\/\/rodadoleal.com\/?page_id=69"},"modified":"2022-04-23T10:22:20","modified_gmt":"2022-04-23T08:22:20","slug":"politica-de-privacidad","status":"publish","type":"page","link":"https:\/\/rodadoleal.com\/index.php\/politica-de-privacidad\/","title":{"rendered":"Pol\u00edtica de privacidad"},"content":{"rendered":"<p>[et_pb_section fb_built=\u00bb1&#8243; _builder_version=\u00bb4.17.0&#8243; _module_preset=\u00bbdefault\u00bb global_colors_info=\u00bb{}\u00bb][et_pb_row _builder_version=\u00bb4.17.0&#8243; _module_preset=\u00bbdefault\u00bb global_colors_info=\u00bb{}\u00bb][et_pb_column type=\u00bb4_4&#8243; _builder_version=\u00bb4.17.0&#8243; _module_preset=\u00bbdefault\u00bb global_colors_info=\u00bb{}\u00bb][et_pb_text _builder_version=\u00bb4.17.0&#8243; _module_preset=\u00bbdefault\u00bb global_colors_info=\u00bb{}\u00bb]<\/p>\n<h1>Pol\u00edtica de privacidad<\/h1>\n<p>[\/et_pb_text][et_pb_text _builder_version=\u00bb4.17.0&#8243; _module_preset=\u00bbdefault\u00bb text_font=\u00bb|300|||||||\u00bb global_colors_info=\u00bb{}\u00bb]<\/p>\n<p>En cumplimiento de lo establecido en el Reglamento (UE) 2016\/679 del Parlamento Europeo y del Consejo, de 27 de abril de 2016, relativo a la protecci\u00f3n de las personas f\u00edsicas en lo que respecta al tratamiento de datos personales (Reglamento general de protecci\u00f3n de datos, RGPD) y de la Ley Org\u00e1nica 3\/2018, de 5 de diciembre, de Protecci\u00f3n de Datos Personales y garant\u00eda de los derechos digitales (LOPDyGDD), le informamos de que los datos personales, incluidas las fotograf\u00edas, recogidos en esta p\u00e1gina web se podr\u00e1n incorporar y procesar en un tratamiento de responsabilidad de la Fundaci\u00f3n Hermanos Amparo y Eloy Rodado Leal para ponernos en contacto con Vd. por v\u00eda telef\u00f3nica o electr\u00f3nica a trav\u00e9s de su direcci\u00f3n de email, as\u00ed como tambi\u00e9n para otras finalidades: atender su solicitud de informaci\u00f3n, sus comentarios o consultas, alta en el bolet\u00edn y\/o para garantizar una correcta atenci\u00f3n en nuestras comunicaciones con Vd.<\/p>\n<p>Los titulares de los datos personales quedan informados y consienten expresamente que la Fundaci\u00f3n Hermanos Amparo y Eloy Rodado Leal, como responsable del tratamiento, pueda tratar, comunicar, ceder y, en su caso, transferir internacionalmente los datos personales, incluidas fotograf\u00edas del usuario, para sus finalidades leg\u00edtimas, exclusivamente a las entidades que participan en sus actividades, desarrollo y fin social, as\u00ed como a las personas y entidades directamente relacionadas con esta Entidad.<\/p>\n<p>En atenci\u00f3n a nuestro compromiso de velar por la privacidad, la Fundaci\u00f3n Hermanos Amparo y Eloy Rodado Leal tiene como prioridad mantener una esmerada confidencialidad de toda la informaci\u00f3n que Vd. haya podido confiarnos y dispone de los medios t\u00e9cnicos, organizativos y humanos necesarios para garantizar que s\u00f3lo el personal autorizado tenga acceso a sus datos, y en todo caso con pleno respeto a su intimidad.<\/p>\n<p>Tras la anulaci\u00f3n del Acuerdo <a href=\"https:\/\/www.privacyshield.gov\/welcome\" target=\"_blank\" rel=\"noopener\">\u201cPrivacy Shield\u201d<\/a> en la sentencia de 16 de julio de 2020 del Tribunal de Justicia de la Uni\u00f3n Europea (TJUE-BMC), todas aquellas transferencias de datos entre Europa y EE.UU. basadas en dicho Acuerdo ya no son legales. En atenci\u00f3n a esto, la Fundaci\u00f3n Hermanos Amparo y Eloy Rodado Leal velar\u00e1 por que todas las transferencias internacionales se realicen siempre que el interesado haya dado expl\u00edcitamente su consentimiento a la transferencia propuesta, tras haber sido informado de los posibles riesgos para \u00e9l de dichas transferencias debido a la ausencia de una decisi\u00f3n de adecuaci\u00f3n y de garant\u00edas adecuadas, Tal y como viene determinado en al art\u00edculo 49.1 apartado a.<\/p>\n<p>Le informamos de que puede ejercitar en cualquier momento su derecho de acceso, rectificaci\u00f3n, supresi\u00f3n, oposici\u00f3n limitaci\u00f3n del tratamiento y portabilidad de sus datos personales incluidos en nuestros tratamientos, mediante escrito, acompa\u00f1ado de copia de documento oficial que le identifique, dirigido a la Fundaci\u00f3n Hermanos Amparo y Eloy Rodado Leal, Calle Marqu\u00e9s del Riscal, n. 12. Local comercial, 28010 (Madrid &#8211; Espa\u00f1a) o mediante la direcci\u00f3n electr\u00f3nica <a href=\"mailto:info@rodadoleal.com\">info@rodadoleal.com<\/a>.<\/p>\n<p>\u00daltima modificaci\u00f3n: marzo de 2022.<\/p>\n<p>[\/et_pb_text][\/et_pb_column][\/et_pb_row][\/et_pb_section]<\/p>\n","protected":false},"excerpt":{"rendered":"<p>Pol\u00edtica de privacidadEn cumplimiento de lo establecido en el Reglamento (UE) 2016\/679 del Parlamento Europeo y del Consejo, de 27 de abril de 2016, relativo a la protecci\u00f3n de las personas f\u00edsicas en lo que respecta al tratamiento de datos personales (Reglamento general de protecci\u00f3n de datos, RGPD) y de la Ley Org\u00e1nica 3\/2018, de [&hellip;]<\/p>\n","protected":false},"author":2,"featured_media":0,"parent":0,"menu_order":0,"comment_status":"closed","ping_status":"closed","template":"","meta":{"_et_pb_use_builder":"on","_et_pb_old_content":"","_et_gb_content_width":"","inline_featured_image":false,"footnotes":""},"class_list":["post-69","page","type-page","status-publish","hentry"],"_links":{"self":[{"href":"https:\/\/rodadoleal.com\/index.php\/wp-json\/wp\/v2\/pages\/69","targetHints":{"allow":["GET"]}}],"collection":[{"href":"https:\/\/rodadoleal.com\/index.php\/wp-json\/wp\/v2\/pages"}],"about":[{"href":"https:\/\/rodadoleal.com\/index.php\/wp-json\/wp\/v2\/types\/page"}],"author":[{"embeddable":true,"href":"https:\/\/rodadoleal.com\/index.php\/wp-json\/wp\/v2\/users\/2"}],"replies":[{"embeddable":true,"href":"https:\/\/rodadoleal.com\/index.php\/wp-json\/wp\/v2\/comments?post=69"}],"version-history":[{"count":4,"href":"https:\/\/rodadoleal.com\/index.php\/wp-json\/wp\/v2\/pages\/69\/revisions"}],"predecessor-version":[{"id":114,"href":"https:\/\/rodadoleal.com\/index.php\/wp-json\/wp\/v2\/pages\/69\/revisions\/114"}],"wp:attachment":[{"href":"https:\/\/rodadoleal.com\/index.php\/wp-json\/wp\/v2\/media?parent=69"}],"curies":[{"name":"wp","href":"https:\/\/api.w.org\/{rel}","templated":true}]}}