{"id":66,"date":"2022-04-21T15:33:01","date_gmt":"2022-04-21T13:33:01","guid":{"rendered":"https:\/\/rodadoleal.com\/?page_id=66"},"modified":"2022-04-23T11:27:46","modified_gmt":"2022-04-23T09:27:46","slug":"aviso-legal","status":"publish","type":"page","link":"https:\/\/rodadoleal.com\/index.php\/aviso-legal\/","title":{"rendered":"Aviso legal"},"content":{"rendered":"<p>[et_pb_section fb_built=\u00bb1&#8243; _builder_version=\u00bb4.17.0&#8243; _module_preset=\u00bbdefault\u00bb global_colors_info=\u00bb{}\u00bb][et_pb_row _builder_version=\u00bb4.17.0&#8243; _module_preset=\u00bbdefault\u00bb global_colors_info=\u00bb{}\u00bb][et_pb_column type=\u00bb4_4&#8243; _builder_version=\u00bb4.17.0&#8243; _module_preset=\u00bbdefault\u00bb global_colors_info=\u00bb{}\u00bb][et_pb_text _builder_version=\u00bb4.17.0&#8243; _module_preset=\u00bbdefault\u00bb global_colors_info=\u00bb{}\u00bb]<\/p>\n<h1>Aviso legal<\/h1>\n<p>[\/et_pb_text][et_pb_text _builder_version=\u00bb4.17.0&#8243; _module_preset=\u00bbdefault\u00bb text_font=\u00bb|300|||||||\u00bb global_colors_info=\u00bb{}\u00bb]<\/p>\n<p>Para dar cumplimiento con lo establecido en la Ley 34\/2002, de 11 de julio, de Servicios de la Sociedad de la Informaci\u00f3n y de Comercio Electr\u00f3nico (en adelante, LSSI), se informa que esta p\u00e1gina web es titularidad de la <strong>Fundaci\u00f3n Hermanos Amparo y Eloy Rodado Leal<\/strong>. La informaci\u00f3n general del responsable de este sitio web son los que se indican a continuaci\u00f3n:<\/p>\n<ul>\n<li><strong>Titular: Fundaci\u00f3n Hermanos Amparo y Eloy Rodado Leal<\/strong><\/li>\n<li><strong>Direcci\u00f3n:<\/strong> Calle Marqu\u00e9s del Riscal, n. 12. Local comercial; 28010 (Madrid &#8211;\u00a0Espa\u00f1a)<\/li>\n<li><strong>Contacto:<\/strong> info@rodadoleal.com o en el tel\u00e9fono +34 722659316<\/li>\n<li><strong>Datos Registrales:<\/strong> Fundaci\u00f3n constituida el 7 de octubre de 1993 mediante escritura\u00a0p\u00fablica otorgada ante el notario de Madrid, D. V\u00edctor Manuel Garrido de Palma, con el\u00a0n\u00famero 1960 de los de su protocolo.<\/li>\n<li><strong>CIF:<\/strong> G80723257<\/li>\n<\/ul>\n<p>El usuario se compromete a no utilizar el sitio web, ni la informaci\u00f3n ofrecida en el mismo para la realizaci\u00f3n de actividades contrarias a la Ley, la moral o el orden p\u00fablico. Las actividades que el usuario realice son de su exclusiva responsabilidad, sin que en ning\u00fan caso pueda responsabilizarse a la <strong>Fundaci\u00f3n Hermanos Amparo y Eloy Rodado Leal<\/strong> de los da\u00f1os o perjuicios que se puedan ocasionar de la actividad realizada por el usuario.<\/p>\n<p>Las condiciones de uso de este sitio web tienen un car\u00e1cter indefinido. La <strong>Fundaci\u00f3n Hermanos Amparo y Eloy Rodado Leal<\/strong> se reserva el derecho de modificar cada una de estas, as\u00ed como su contenido. Toda la informaci\u00f3n publicada en este sitio web se hace \u00fanicamente a t\u00edtulo informativo, reserv\u00e1ndose el derecho de eliminar o suspender su difusi\u00f3n sin previo aviso. La prestaci\u00f3n de servicios y de difusi\u00f3n de informaci\u00f3n se rigen por la Ley espa\u00f1ola.<\/p>\n<p>\u00daltima modificaci\u00f3n: marzo de 2022<\/p>\n<p>[\/et_pb_text][\/et_pb_column][\/et_pb_row][\/et_pb_section]<\/p>\n","protected":false},"excerpt":{"rendered":"<p>Aviso legalPara dar cumplimiento con lo establecido en la Ley 34\/2002, de 11 de julio, de Servicios de la Sociedad de la Informaci\u00f3n y de Comercio Electr\u00f3nico (en adelante, LSSI), se informa que esta p\u00e1gina web es titularidad de la Fundaci\u00f3n Hermanos Amparo y Eloy Rodado Leal. La informaci\u00f3n general del responsable de este sitio [&hellip;]<\/p>\n","protected":false},"author":2,"featured_media":0,"parent":0,"menu_order":0,"comment_status":"closed","ping_status":"closed","template":"","meta":{"_et_pb_use_builder":"on","_et_pb_old_content":"","_et_gb_content_width":"","inline_featured_image":false,"footnotes":""},"class_list":["post-66","page","type-page","status-publish","hentry"],"_links":{"self":[{"href":"https:\/\/rodadoleal.com\/index.php\/wp-json\/wp\/v2\/pages\/66","targetHints":{"allow":["GET"]}}],"collection":[{"href":"https:\/\/rodadoleal.com\/index.php\/wp-json\/wp\/v2\/pages"}],"about":[{"href":"https:\/\/rodadoleal.com\/index.php\/wp-json\/wp\/v2\/types\/page"}],"author":[{"embeddable":true,"href":"https:\/\/rodadoleal.com\/index.php\/wp-json\/wp\/v2\/users\/2"}],"replies":[{"embeddable":true,"href":"https:\/\/rodadoleal.com\/index.php\/wp-json\/wp\/v2\/comments?post=66"}],"version-history":[{"count":6,"href":"https:\/\/rodadoleal.com\/index.php\/wp-json\/wp\/v2\/pages\/66\/revisions"}],"predecessor-version":[{"id":146,"href":"https:\/\/rodadoleal.com\/index.php\/wp-json\/wp\/v2\/pages\/66\/revisions\/146"}],"wp:attachment":[{"href":"https:\/\/rodadoleal.com\/index.php\/wp-json\/wp\/v2\/media?parent=66"}],"curies":[{"name":"wp","href":"https:\/\/api.w.org\/{rel}","templated":true}]}}