{"id":247,"date":"2022-05-05T13:46:39","date_gmt":"2022-05-05T11:46:39","guid":{"rendered":"https:\/\/rodadoleal.com\/?page_id=247"},"modified":"2022-05-05T13:48:07","modified_gmt":"2022-05-05T11:48:07","slug":"canal-alertas","status":"publish","type":"page","link":"https:\/\/rodadoleal.com\/index.php\/canal-alertas\/","title":{"rendered":"Canal de alertas"},"content":{"rendered":"<p>[et_pb_section fb_built=\u00bb1&#8243; _builder_version=\u00bb4.17.0&#8243; _module_preset=\u00bbdefault\u00bb global_colors_info=\u00bb{}\u00bb][et_pb_row _builder_version=\u00bb4.17.0&#8243; _module_preset=\u00bbdefault\u00bb global_colors_info=\u00bb{}\u00bb][et_pb_column type=\u00bb4_4&#8243; _builder_version=\u00bb4.17.0&#8243; _module_preset=\u00bbdefault\u00bb global_colors_info=\u00bb{}\u00bb][et_pb_text _builder_version=\u00bb4.17.0&#8243; _module_preset=\u00bbdefault\u00bb global_colors_info=\u00bb{}\u00bb]<\/p>\n<h1>Canal de alertas<\/h1>\n<p>[\/et_pb_text][et_pb_text _builder_version=\u00bb4.17.0&#8243; _module_preset=\u00bbdefault\u00bb text_font=\u00bb|300|||||||\u00bb global_colors_info=\u00bb{}\u00bb]<\/p>\n<p style=\"font-weight: 400;\">FUNDACION HERMANOS AMPARO Y ELOY RODADO LEAL pone a disposici\u00f3n de las partes interesadas un canal de comunicaci\u00f3n para la recepci\u00f3n de informaci\u00f3n relacionada con incumplimientos legislativos y\/o pr\u00e1cticas contrarias a los principios establecidos en el C\u00f3digo de Conducta que pudieran haberse cometido por o en el seno de FUNDACION HERMANOS AMPARO Y ELOY RODADO LEAL, y cualesquiera situaciones o hechos que requieran la atenci\u00f3n del Responsable de Cumplimiento Normativo: <a href=\"mailto:alertas@rodadoleal.com\">alertas@rodadoleal.com<\/a><\/p>\n<p style=\"font-weight: 400;\">Tambi\u00e9n puede solicitar una entrevista presencial con el Responsable de Cumplimiento Normativo. La comunicaci\u00f3n ser\u00e1 grabada y se le informar\u00e1 del tratamiento de sus datos de acuerdo a lo que establecen el Reglamento (UE) 2016\/679 y la Ley Org\u00e1nica 3\/2018, de 5 de diciembre de Protecci\u00f3n de Datos Personales y garant\u00eda de los derechos digitales.<\/p>\n<p style=\"font-weight: 400;\">FUNDACION HERMANOS AMPARO Y ELOY RODADO LEAL garantiza la m\u00e1xima confidencialidad en los procesos de investigaci\u00f3n de las alertas o informaci\u00f3n recibidas, protegiendo la identidad de denunciantes y denunciados y su reputaci\u00f3n, informando tan s\u00f3lo a las personas estrictamente necesarias en el proceso.<\/p>\n<p style=\"font-weight: 400;\">FUNDACION HERMANOS AMPARO Y ELOY RODADO LEAL permite la presentaci\u00f3n de comunicaciones an\u00f3nimas, si bien no se podr\u00e1 realizar ninguna comunicaci\u00f3n al informante sobre el curso de la denuncia ni solicitarle informaci\u00f3n adicional si fuera necesario.<\/p>\n<p style=\"font-weight: 400;\">Los datos personales que se proporcionen a trav\u00e9s del Canal de Alertas ser\u00e1n tratados por FUNDACION HERMANOS AMPARO Y ELOY RODADO LEAL exclusivamente para la gesti\u00f3n de la comunicaci\u00f3n recibida, as\u00ed como para la realizaci\u00f3n de cuantas actuaciones e investigaciones se consideren necesarias para aclarar y resolver la denuncia recibida.<\/p>\n<p style=\"font-weight: 400;\">\n<p style=\"font-weight: 400;\">La informaci\u00f3n facilitada a trav\u00e9s de este Canal se conservar\u00e1 \u00fanicamente durante el tiempo necesario para decidir sobre la procedencia de iniciar una investigaci\u00f3n sobre los hechos informados. Transcurridos tres meses desde la comunicaci\u00f3n, se proceder\u00e1 a la supresi\u00f3n de los datos del sistema de alerta.<\/p>\n<p style=\"font-weight: 400;\">Puede ejercitar sus derechos de protecci\u00f3n de datos reconocidos por la normativa vigente ante FRL, en la direcci\u00f3n de correo electr\u00f3nico <a href=\"mailto:info@rodadoleal.com\">info@rodadoleal.com<\/a>, o en la sede de la Fundaci\u00f3n, en calle Marqu\u00e9s del Riscal 12, 28010 Madrid. <strong>No olvide aportar copia de documento oficial identificativo.<\/strong><\/p>\n<p style=\"font-weight: 400;\"><strong>Datos que deber\u00e1 hacer constar en la informaci\u00f3n que facilite:<\/strong><\/p>\n<p style=\"font-weight: 400;\"><strong><u>Datos del informante<\/u><\/strong><\/p>\n<p style=\"font-weight: 400;\">\n<ul>\n<li>Nombre\u00a0y Apellidos<\/li>\n<li>Tel\u00e9fono\u00a0<\/li>\n<li>Correo electr\u00f3nico\u00a0<\/li>\n<\/ul>\n<p style=\"font-weight: 400;\">\n<p style=\"font-weight: 400;\"><strong><u>Informaci\u00f3n del hecho <\/u><\/strong><\/p>\n<p style=\"font-weight: 400;\">\n<p style=\"font-weight: 400;\">Descripci\u00f3n de la Comunicaci\u00f3n:\u00a0<\/p>\n<p style=\"font-weight: 400;\">\n<ul>\n<li><em>Qui\u00e9nes son las personas implicadas (identidad del\/de las personas implicadas si le contaran sus nombres, o en su caso, cargo o funci\u00f3n que desempe\u00f1a en la Fundaci\u00f3n).<\/em><\/li>\n<li><em>En qu\u00e9 consiste el hecho sobre el que se informa, siendo todo lo conciso que sea posible en la exposici\u00f3n y manifestando todos aquellos datos relevantes para su investigaci\u00f3n.<\/em><\/li>\n<li><em>Indique si es Vd. voluntario, miembro de una entidad colaboradora, proveedor, donante, beneficiario, etc<\/em>.<\/li>\n<li><em>Fecha precisa o aproximada de los hechos sobre los que se informa.<\/em><\/li>\n<\/ul>\n<p style=\"font-weight: 400;\">\n<p style=\"font-weight: 400;\"><strong><u>Documentos anexos<\/u><\/strong><\/p>\n<p style=\"font-weight: 400;\">Si Vd. dispone de documentaci\u00f3n que considere que evidencia el incumplimiento sobre el que informa, ap\u00f3rtelo como documento anexo al correo que nos remita.<\/p>\n<p style=\"font-weight: 400;\">\u00daltima modificaci\u00f3n: marzo de 2022<\/p>\n<p>[\/et_pb_text][\/et_pb_column][\/et_pb_row][\/et_pb_section]<\/p>\n","protected":false},"excerpt":{"rendered":"<p>Canal de alertasFUNDACION HERMANOS AMPARO Y ELOY RODADO LEAL pone a disposici\u00f3n de las partes interesadas un canal de comunicaci\u00f3n para la recepci\u00f3n de informaci\u00f3n relacionada con incumplimientos legislativos y\/o pr\u00e1cticas contrarias a los principios establecidos en el C\u00f3digo de Conducta que pudieran haberse cometido por o en el seno de FUNDACION HERMANOS AMPARO Y [&hellip;]<\/p>\n","protected":false},"author":2,"featured_media":0,"parent":0,"menu_order":0,"comment_status":"closed","ping_status":"closed","template":"","meta":{"_et_pb_use_builder":"on","_et_pb_old_content":"","_et_gb_content_width":"","inline_featured_image":false,"footnotes":""},"class_list":["post-247","page","type-page","status-publish","hentry"],"_links":{"self":[{"href":"https:\/\/rodadoleal.com\/index.php\/wp-json\/wp\/v2\/pages\/247","targetHints":{"allow":["GET"]}}],"collection":[{"href":"https:\/\/rodadoleal.com\/index.php\/wp-json\/wp\/v2\/pages"}],"about":[{"href":"https:\/\/rodadoleal.com\/index.php\/wp-json\/wp\/v2\/types\/page"}],"author":[{"embeddable":true,"href":"https:\/\/rodadoleal.com\/index.php\/wp-json\/wp\/v2\/users\/2"}],"replies":[{"embeddable":true,"href":"https:\/\/rodadoleal.com\/index.php\/wp-json\/wp\/v2\/comments?post=247"}],"version-history":[{"count":5,"href":"https:\/\/rodadoleal.com\/index.php\/wp-json\/wp\/v2\/pages\/247\/revisions"}],"predecessor-version":[{"id":254,"href":"https:\/\/rodadoleal.com\/index.php\/wp-json\/wp\/v2\/pages\/247\/revisions\/254"}],"wp:attachment":[{"href":"https:\/\/rodadoleal.com\/index.php\/wp-json\/wp\/v2\/media?parent=247"}],"curies":[{"name":"wp","href":"https:\/\/api.w.org\/{rel}","templated":true}]}}